{"id":1593,"date":"2019-07-31T12:00:10","date_gmt":"2019-07-31T10:00:10","guid":{"rendered":"https:\/\/www.agribioterraorganic.com\/politica-de-cookies\/"},"modified":"2019-10-07T17:41:27","modified_gmt":"2019-10-07T15:41:27","slug":"politica-de-cookies","status":"publish","type":"page","link":"https:\/\/www.agribioterraorganic.com\/fr\/politica-de-cookies\/","title":{"rendered":"Pol\u00edtica de Cookies"},"content":{"rendered":"[vc_row type=\u00a0\u00bbfull_width_background\u00a0\u00bb full_screen_row_position=\u00a0\u00bbmiddle\u00a0\u00bb bg_color=\u00a0\u00bb#fffbe8&Prime; scene_position=\u00a0\u00bbcenter\u00a0\u00bb text_color=\u00a0\u00bbdark\u00a0\u00bb text_align=\u00a0\u00bbleft\u00a0\u00bb top_padding=\u00a0\u00bb10%\u00a0\u00bb bottom_padding=\u00a0\u00bb5%\u00a0\u00bb overlay_strength=\u00a0\u00bb0.3&Prime; shape_divider_position=\u00a0\u00bbbottom\u00a0\u00bb bg_image_animation=\u00a0\u00bbnone\u00a0\u00bb shape_type=\u00a0\u00bb\u00a0\u00bb][vc_column column_padding=\u00a0\u00bbno-extra-padding\u00a0\u00bb column_padding_position=\u00a0\u00bball\u00a0\u00bb background_color_opacity=\u00a0\u00bb1&Prime; background_hover_color_opacity=\u00a0\u00bb1&Prime; column_link_target=\u00a0\u00bb_self\u00a0\u00bb column_shadow=\u00a0\u00bbnone\u00a0\u00bb column_border_radius=\u00a0\u00bbnone\u00a0\u00bb width=\u00a0\u00bb1\/6&Prime; tablet_width_inherit=\u00a0\u00bbdefault\u00a0\u00bb tablet_text_alignment=\u00a0\u00bbdefault\u00a0\u00bb phone_text_alignment=\u00a0\u00bbdefault\u00a0\u00bb column_border_width=\u00a0\u00bbnone\u00a0\u00bb column_border_style=\u00a0\u00bbsolid\u00a0\u00bb bg_image_animation=\u00a0\u00bbnone\u00a0\u00bb][\/vc_column][vc_column column_padding=\u00a0\u00bbno-extra-padding\u00a0\u00bb column_padding_position=\u00a0\u00bball\u00a0\u00bb background_color_opacity=\u00a0\u00bb1&Prime; background_hover_color_opacity=\u00a0\u00bb1&Prime; column_link_target=\u00a0\u00bb_self\u00a0\u00bb column_shadow=\u00a0\u00bbnone\u00a0\u00bb column_border_radius=\u00a0\u00bbnone\u00a0\u00bb width=\u00a0\u00bb2\/3&Prime; tablet_width_inherit=\u00a0\u00bbdefault\u00a0\u00bb tablet_text_alignment=\u00a0\u00bbdefault\u00a0\u00bb phone_text_alignment=\u00a0\u00bbdefault\u00a0\u00bb column_border_width=\u00a0\u00bbnone\u00a0\u00bb column_border_style=\u00a0\u00bbsolid\u00a0\u00bb bg_image_animation=\u00a0\u00bbnone\u00a0\u00bb][vc_custom_heading text=\u00a0\u00bbPolitique de cookies\u00a0\u00bb font_container=\u00a0\u00bbtag:h1|text_align:center|color:%230a6756&Prime; use_theme_fonts=\u00a0\u00bbyes\u00a0\u00bb][\/vc_column][vc_column column_padding=\u00a0\u00bbno-extra-padding\u00a0\u00bb column_padding_position=\u00a0\u00bball\u00a0\u00bb background_color_opacity=\u00a0\u00bb1&Prime; background_hover_color_opacity=\u00a0\u00bb1&Prime; column_link_target=\u00a0\u00bb_self\u00a0\u00bb column_shadow=\u00a0\u00bbnone\u00a0\u00bb column_border_radius=\u00a0\u00bbnone\u00a0\u00bb width=\u00a0\u00bb1\/6&Prime; tablet_width_inherit=\u00a0\u00bbdefault\u00a0\u00bb tablet_text_alignment=\u00a0\u00bbdefault\u00a0\u00bb phone_text_alignment=\u00a0\u00bbdefault\u00a0\u00bb column_border_width=\u00a0\u00bbnone\u00a0\u00bb column_border_style=\u00a0\u00bbsolid\u00a0\u00bb bg_image_animation=\u00a0\u00bbnone\u00a0\u00bb][\/vc_column][\/vc_row][vc_row type=\u00a0\u00bbfull_width_background\u00a0\u00bb full_screen_row_position=\u00a0\u00bbmiddle\u00a0\u00bb bg_color=\u00a0\u00bb#fffbe8&Prime; scene_position=\u00a0\u00bbcenter\u00a0\u00bb text_color=\u00a0\u00bbdark\u00a0\u00bb text_align=\u00a0\u00bbleft\u00a0\u00bb bottom_padding=\u00a0\u00bb10%\u00a0\u00bb overlay_strength=\u00a0\u00bb0.3&Prime; shape_divider_position=\u00a0\u00bbbottom\u00a0\u00bb bg_image_animation=\u00a0\u00bbnone\u00a0\u00bb shape_type=\u00a0\u00bb\u00a0\u00bb][vc_column column_padding=\u00a0\u00bbno-extra-padding\u00a0\u00bb column_padding_position=\u00a0\u00bball\u00a0\u00bb background_color_opacity=\u00a0\u00bb1&Prime; background_hover_color_opacity=\u00a0\u00bb1&Prime; column_link_target=\u00a0\u00bb_self\u00a0\u00bb column_shadow=\u00a0\u00bbnone\u00a0\u00bb column_border_radius=\u00a0\u00bbnone\u00a0\u00bb width=\u00a0\u00bb1\/6&Prime; tablet_width_inherit=\u00a0\u00bbdefault\u00a0\u00bb tablet_text_alignment=\u00a0\u00bbdefault\u00a0\u00bb phone_text_alignment=\u00a0\u00bbdefault\u00a0\u00bb column_border_width=\u00a0\u00bbnone\u00a0\u00bb column_border_style=\u00a0\u00bbsolid\u00a0\u00bb bg_image_animation=\u00a0\u00bbnone\u00a0\u00bb][\/vc_column][vc_column column_padding=\u00a0\u00bbno-extra-padding\u00a0\u00bb column_padding_position=\u00a0\u00bball\u00a0\u00bb background_color_opacity=\u00a0\u00bb1&Prime; background_hover_color_opacity=\u00a0\u00bb1&Prime; column_link_target=\u00a0\u00bb_self\u00a0\u00bb column_shadow=\u00a0\u00bbnone\u00a0\u00bb column_border_radius=\u00a0\u00bbnone\u00a0\u00bb width=\u00a0\u00bb2\/3&Prime; tablet_width_inherit=\u00a0\u00bbdefault\u00a0\u00bb tablet_text_alignment=\u00a0\u00bbdefault\u00a0\u00bb phone_text_alignment=\u00a0\u00bbdefault\u00a0\u00bb column_border_width=\u00a0\u00bbnone\u00a0\u00bb column_border_style=\u00a0\u00bbsolid\u00a0\u00bb bg_image_animation=\u00a0\u00bbnone\u00a0\u00bb][vc_column_text]<strong>1 &#8211; UTILISATION DE COOKIES SUR LE SITE WEB D&rsquo;AGRIBIO TERRA ORGANIC.<\/strong><\/p>\n<p>Comme d&rsquo;autres sites Web, www.agribioterraorganic.com utilise une technologie appel\u00e9e \u00ab\u00a0cookies\u00a0\u00bb pour collecter des informations sur l&rsquo;utilisation de notre site Web afin qu&rsquo;il puisse analyser l&rsquo;exp\u00e9rience de l&rsquo;utilisateur en naviguant sur notre portail dans le but de faire un processus d&rsquo;am\u00e9lioration continue dans le contenu et la convivialit\u00e9 de celui-ci.<\/p>\n<p>En particulier, le site web d&rsquo;AGRIBIO TERRA ORGANIC, utilise GOOGLE ANALYTICS, un service d&rsquo;analyse d\u00e9velopp\u00e9 par Google qui permet la mesure et l&rsquo;analyse de la navigation sur les pages web au moyen de cookies. Les cookies sont des fichiers qui peuvent \u00eatre t\u00e9l\u00e9charg\u00e9s sur votre ordinateur via les pages Web. Les cookies ont pour but de fournir \u00e0 l&rsquo;Utilisateur un acc\u00e8s plus rapide aux services du site Web, ainsi que leur personnalisation, en facilitant et en offrant \u00e0 chaque Utilisateur des informations qui l&rsquo;int\u00e9ressent ou peuvent l&rsquo;int\u00e9resser en ce qui concerne l&rsquo;utilisation des services mentionn\u00e9s ci-dessus. Le Web d&rsquo;AGRIBIO TERRA ORGANIC utilise ces cookies pour faciliter et optimiser au maximum la navigation de l&rsquo;Utilisateur. Les cookies sont associ\u00e9s exclusivement \u00e0 un Utilisateur anonyme et \u00e0 son ordinateur et ne fournissent pas de r\u00e9f\u00e9rences qui permettent de capturer ou de d\u00e9duire des donn\u00e9es personnelles de l&rsquo;Utilisateur. L&rsquo;Utilisateur pourra configurer son navigateur pour qu&rsquo;il notifie et rejette l&rsquo;installation des cookies du site web d&rsquo;AGRIBIO TERRA ORGANIC, sans que pour cette raison la possibilit\u00e9 pour l&rsquo;Utilisateur d&rsquo;acc\u00e9der aux Contenus soit compromise. Toutefois, nous attirons votre attention sur le fait que, dans tous les cas, la qualit\u00e9 de fonctionnement du site Web peut diminuer, c&rsquo;est pourquoi nous vous recommandons d&rsquo;accepter la politique d&rsquo;utilisation des cookies.<\/p>\n<p><strong>2 &#8211; LES TYPES DE COOKIES ET LEUR FINALIT\u00c9<\/strong><\/p>\n<p>Selon l&rsquo;entit\u00e9 qui g\u00e8re les cookies, ils peuvent \u00eatre class\u00e9s en groupes :<\/p>\n<ul>\n<li>Propres cookies : ceux qui sont envoy\u00e9s \u00e0 l&rsquo;\u00e9quipement terminal de l&rsquo;utilisateur \u00e0 partir d&rsquo;un ordinateur ou d&rsquo;un domaine g\u00e9r\u00e9 par l&rsquo;\u00e9diteur et \u00e0 partir desquels le service demand\u00e9 par l&rsquo;utilisateur est fourni.<\/li>\n<li>Cookies tiers : Cookies envoy\u00e9s \u00e0 l&rsquo;\u00e9quipement terminal de l&rsquo;utilisateur \u00e0 partir d&rsquo;un ordinateur ou d&rsquo;un domaine qui n&rsquo;est pas g\u00e9r\u00e9 par l&rsquo;\u00e9diteur, mais par une autre entit\u00e9 qui traite les donn\u00e9es obtenues par les cookies.<\/li>\n<li>En fonction de la dur\u00e9e pendant laquelle ils restent activ\u00e9s sur l&rsquo;\u00e9quipement terminal sont divis\u00e9s en :<\/li>\n<li>Cookies de session : Ils sont con\u00e7us pour collecter et stocker des donn\u00e9es pendant que l&rsquo;utilisateur acc\u00e8de \u00e0 une page Web.<\/li>\n<li>Cookies persistants : Type de cookie dans lequel des donn\u00e9es sont encore stock\u00e9es dans le terminal et peuvent \u00eatre consult\u00e9es et trait\u00e9es pendant une p\u00e9riode d\u00e9finie par la personne responsable du cookie, allant de quelques minutes \u00e0 plusieurs ann\u00e9es.<\/li>\n<li>Selon leur objet, ils sont class\u00e9s comme suit :<\/li>\n<li>T\u00e9moins techniques<\/li>\n<li>Cookies de personnalisation<\/li>\n<li>Cookies d&rsquo;analyse<\/li>\n<li>Cookies publicitaires<\/li>\n<li>Cookies publicitaires<\/li>\n<li>Dans le cas du site Web AGRIBIO TERRA ORGANIC, les cookies utilis\u00e9s proviennent de l&rsquo;application de GOOGLE ANALYTICS. Celles-ci le sont :<\/li>\n<li>utma : cookie qui g\u00e9n\u00e8re un identifiant unique. Il est utilis\u00e9 pour compter combien de fois un utilisateur visite le site, ainsi que pour enregistrer quand c&rsquo;\u00e9tait la premi\u00e8re et la derni\u00e8re fois que vous avez visit\u00e9 le site Web.<\/li>\n<li>utmb et utmc : cookies utilis\u00e9s pour calculer quand une session est termin\u00e9e. L&rsquo;utmb enregistre l&rsquo;heure d&rsquo;arriv\u00e9e \u00e0 la page. utm v\u00e9rifie si la session doit rester ouverte ou en cr\u00e9er une nouvelle.<\/li>\n<li>utmz : cookie qui enregistre l&rsquo;origine et les mots-cl\u00e9s de l&rsquo;utilisateur.<\/li>\n<li>NET_SessionId : cookie qui permet de stocker un identifiant unique par session \u00e0 travers lequel il est possible de lier les donn\u00e9es n\u00e9cessaires \u00e0 la navigation.<\/li>\n<li>cookies_policy, G\u00e8re le consentement de l&rsquo;utilisateur \u00e0 l&rsquo;utilisation de cookies sur le site Web, afin de se rappeler les utilisateurs qui les ont accept\u00e9s et ceux qui ne les ont pas accept\u00e9s, de sorte que les premiers ne sont pas affich\u00e9s en haut de la page des informations \u00e0 cet \u00e9gard.<\/li>\n<li>Unam : le site Web nous permet de partager notre contenu par e-mail, Twitter, Facebook, etc, de sorte que ce service fonctionne sans probl\u00e8me cookies sont utilis\u00e9s comme l&rsquo;Unam compte le nombre d&rsquo;utilisateurs uniques qui partagent le contenu et le nombre de pages vues sont g\u00e9n\u00e9r\u00e9s \u00e0 partir du quota r\u00e9sultant.<\/li>\n<\/ul>\n<p><strong>3 &#8211; GESTION DE LA POLITIQUE DES COOKIES PAR L&rsquo;UTILISATEUR.<\/strong><\/p>\n<p>AGRIBIO TERRA ORGANIC, affiche, au bas de son site Web, des informations sur une partie de sa politique de cookies \u00e0 chaque connexion afin que vous en tant qu&rsquo;utilisateur soit au courant. Les actions suivantes peuvent \u00eatre effectu\u00e9es sur ces informations :<\/p>\n<ul>\n<li>Accepter les cookies. Cet avis ne sera plus affich\u00e9 lorsque vous acc\u00e9dez \u00e0 une page du portail pendant cette session.<\/li>\n<li>L&rsquo;avis est cach\u00e9 sur cette page.<\/li>\n<li>Modifier sa configuration. Vous pouvez obtenir plus d&rsquo;informations sur ce que sont les cookies, conna\u00eetre la politique d&rsquo;AGRIBIO TERRA ORGANIC en mati\u00e8re de cookies et modifier la configuration des cookies.<\/li>\n<\/ul>\n<p><strong>4 &#8211; D\u00c9SACTIVER LES COOKIES<\/strong><\/p>\n<p>En tant qu&rsquo;utilisateur, vous pouvez restreindre, bloquer ou supprimer les cookies des pages Web. Pratiquement tous les navigateurs actuels vous permettent de modifier vos param\u00e8tres de cookies. Les r\u00e9glages peuvent \u00eatre effectu\u00e9s dans le menu de votre navigateur dans les options ou pr\u00e9f\u00e9rences.<\/p>\n<p>Comme chaque navigateur utilise une op\u00e9ration diff\u00e9rente, la fonction d&rsquo;aide de votre navigateur vous indiquera comment le faire.<\/p>\n<ul>\n<li>Internet Explorer : windows.microsoft.com\/fr-xl\/internet-explorer\/supprimer-g\u00e9rer les cookies#ie=\u00a0\u00bbie-10\u2033<\/li>\n<li>FireFox : support.mozilla.org\/fr\/kb\/Borrar%20cookies<\/li>\n<li>Chrome : support.google.com\/chrome\/answer\/95647?hl=\u00a0\u00bbfr\u00a0\u00bb.<\/li>\n<li>Safari : www.apple.com\/es\/privacy\/use-of-cookies\/<\/li>\n<li>Vous trouverez ci-apr\u00e8s des informations et des instructions sur les \u00e9tapes \u00e0 suivre pour acc\u00e9der au menu de configuration des cookies et, le cas \u00e9ch\u00e9ant, \u00e0 la navigation priv\u00e9e dans chacun des principaux navigateurs :<\/li>\n<li>Internet Explorer : Outils -&gt; Options Internet -&gt; Vie priv\u00e9e -&gt; Param\u00e8tres.<\/li>\n<li>Pour plus d&rsquo;informations, vous pouvez consulter le support Microsoft ou l&rsquo;aide du navigateur.<\/li>\n<li>Firefox : Outils -&gt; Options -&gt; Confidentialit\u00e9 -&gt; Historique -&gt; Param\u00e8tres personnalis\u00e9s.<\/li>\n<li>Pour plus d&rsquo;informations, vous pouvez consulter le support Mozilla ou l&rsquo;aide du navigateur.<\/li>\n<li>Chrome : Param\u00e8tres -&gt; Afficher les options avanc\u00e9es -&gt; Confidentialit\u00e9 -&gt; Param\u00e8tres de contenu.<\/li>\n<li>Pour plus d&rsquo;informations, vous pouvez consulter l&rsquo;assistance Google ou l&rsquo;aide du navigateur.<\/li>\n<li>Safari : Pr\u00e9f\u00e9rences -&gt; S\u00e9curit\u00e9.<\/li>\n<li>Pour plus d&rsquo;informations, consultez l&rsquo;assistance Apple ou l&rsquo;aide du navigateur.<\/li>\n<li>Il existe \u00e9galement des outils pour g\u00e9rer le stockage de vos cookies, tels que les suivants :<\/li>\n<li>Ghostery : www.ghostery.com\/<\/li>\n<li>Vos choix en ligne : www.youronlinechoices.com\/es\/<\/li>\n<\/ul>\n<p>Dans tous les cas, vous pouvez trouver plus d&rsquo;informations \u00e0 ce sujet et d\u00e9sactiver l&rsquo;utilisation de ces cookies www.google.es\/intl\/es\/analytics\/privacyoverview.html<\/p>\n<p><strong>5 &#8211; MISES \u00c0 JOUR ET MODIFICATIONS DE LA POLITIQUE DU SITE WEB EN MATI\u00c8RE DE COOKIES<\/strong><\/p>\n<p>Le Web d&rsquo;AGRIBIO TERRA ORGANIC peut modifier cette Politique de Cookies en fonction des exigences l\u00e9gislatives, r\u00e9glementaires ou dans le but d&rsquo;adapter cette politique aux instructions dict\u00e9es par l&rsquo;Agence Espagnole de Protection de l&rsquo;Information, pour cette raison il est conseill\u00e9 aux utilisateurs de la visiter p\u00e9riodiquement.<\/p>\n<p>Lorsque des modifications importantes sont apport\u00e9es \u00e0 la pr\u00e9sente politique sur les t\u00e9moins, elles seront publi\u00e9es sur le site Web lui-m\u00eame.<\/p>\n<p>Pour toute consultation il peut nous contacter dans le sens de courrier suivant : hola@agribioterraorganic.com, \u00e0 l&rsquo;attention du D\u00e9l\u00e9gu\u00e9 \u00e0 la Protection de l&rsquo;Information.[\/vc_column_text][\/vc_column][vc_column column_padding=\u00a0\u00bbno-extra-padding\u00a0\u00bb column_padding_position=\u00a0\u00bball\u00a0\u00bb background_color_opacity=\u00a0\u00bb1&Prime; background_hover_color_opacity=\u00a0\u00bb1&Prime; column_link_target=\u00a0\u00bb_self\u00a0\u00bb column_shadow=\u00a0\u00bbnone\u00a0\u00bb column_border_radius=\u00a0\u00bbnone\u00a0\u00bb width=\u00a0\u00bb1\/6&Prime; tablet_width_inherit=\u00a0\u00bbdefault\u00a0\u00bb tablet_text_alignment=\u00a0\u00bbdefault\u00a0\u00bb phone_text_alignment=\u00a0\u00bbdefault\u00a0\u00bb column_border_width=\u00a0\u00bbnone\u00a0\u00bb column_border_style=\u00a0\u00bbsolid\u00a0\u00bb bg_image_animation=\u00a0\u00bbnone\u00a0\u00bb][\/vc_column][\/vc_row]\n","protected":false},"excerpt":{"rendered":"<p>[vc_row type=\u00a0\u00bbfull_width_background\u00a0\u00bb full_screen_row_position=\u00a0\u00bbmiddle\u00a0\u00bb bg_color=\u00a0\u00bb#fffbe8&Prime; scene_position=\u00a0\u00bbcenter\u00a0\u00bb text_color=\u00a0\u00bbdark\u00a0\u00bb text_align=\u00a0\u00bbleft\u00a0\u00bb top_padding=\u00a0\u00bb10%\u00a0\u00bb bottom_padding=\u00a0\u00bb5%\u00a0\u00bb overlay_strength=\u00a0\u00bb0.3&Prime; shape_divider_position=\u00a0\u00bbbottom\u00a0\u00bb bg_image_animation=\u00a0\u00bbnone\u00a0\u00bb shape_type=\u00a0\u00bb\u00a0\u00bb][vc_column column_padding=\u00a0\u00bbno-extra-padding\u00a0\u00bb column_padding_position=\u00a0\u00bball\u00a0\u00bb background_color_opacity=\u00a0\u00bb1&Prime; background_hover_color_opacity=\u00a0\u00bb1&Prime; column_link_target=\u00a0\u00bb_self\u00a0\u00bb column_shadow=\u00a0\u00bbnone\u00a0\u00bb column_border_radius=\u00a0\u00bbnone\u00a0\u00bb width=\u00a0\u00bb1\/6&Prime; tablet_width_inherit=\u00a0\u00bbdefault\u00a0\u00bb tablet_text_alignment=\u00a0\u00bbdefault\u00a0\u00bb phone_text_alignment=\u00a0\u00bbdefault\u00a0\u00bb column_border_width=\u00a0\u00bbnone\u00a0\u00bb column_border_style=\u00a0\u00bbsolid\u00a0\u00bb&#8230;<\/p>\n","protected":false},"author":1,"featured_media":0,"parent":0,"menu_order":100,"comment_status":"closed","ping_status":"closed","template":"","meta":{"footnotes":""},"class_list":["post-1593","page","type-page","status-publish"],"yoast_head":"<!-- This site is optimized with the Yoast SEO plugin v23.8 - https:\/\/yoast.com\/wordpress\/plugins\/seo\/ -->\n<title>Pol\u00edtica de Cookies - Agribio<\/title>\n<meta name=\"robots\" content=\"index, follow, max-snippet:-1, max-image-preview:large, max-video-preview:-1\" \/>\n<link rel=\"canonical\" href=\"https:\/\/www.agribioterraorganic.com\/fr\/politica-de-cookies\/\" \/>\n<meta property=\"og:locale\" content=\"fr_FR\" \/>\n<meta property=\"og:type\" content=\"article\" \/>\n<meta property=\"og:title\" content=\"Pol\u00edtica de Cookies - Agribio\" \/>\n<meta property=\"og:description\" content=\"[vc_row type=\u00a0\u00bbfull_width_background\u00a0\u00bb full_screen_row_position=\u00a0\u00bbmiddle\u00a0\u00bb bg_color=\u00a0\u00bb#fffbe8&Prime; scene_position=\u00a0\u00bbcenter\u00a0\u00bb text_color=\u00a0\u00bbdark\u00a0\u00bb text_align=\u00a0\u00bbleft\u00a0\u00bb top_padding=\u00a0\u00bb10%\u00a0\u00bb bottom_padding=\u00a0\u00bb5%\u00a0\u00bb overlay_strength=\u00a0\u00bb0.3&Prime; shape_divider_position=\u00a0\u00bbbottom\u00a0\u00bb bg_image_animation=\u00a0\u00bbnone\u00a0\u00bb shape_type=\u00a0\u00bb\u00a0\u00bb][vc_column column_padding=\u00a0\u00bbno-extra-padding\u00a0\u00bb column_padding_position=\u00a0\u00bball\u00a0\u00bb background_color_opacity=\u00a0\u00bb1&Prime; background_hover_color_opacity=\u00a0\u00bb1&Prime; column_link_target=\u00a0\u00bb_self\u00a0\u00bb column_shadow=\u00a0\u00bbnone\u00a0\u00bb column_border_radius=\u00a0\u00bbnone\u00a0\u00bb width=\u00a0\u00bb1\/6&Prime; tablet_width_inherit=\u00a0\u00bbdefault\u00a0\u00bb tablet_text_alignment=\u00a0\u00bbdefault\u00a0\u00bb phone_text_alignment=\u00a0\u00bbdefault\u00a0\u00bb column_border_width=\u00a0\u00bbnone\u00a0\u00bb column_border_style=\u00a0\u00bbsolid\u00a0\u00bb...\" \/>\n<meta property=\"og:url\" content=\"https:\/\/www.agribioterraorganic.com\/fr\/politica-de-cookies\/\" \/>\n<meta property=\"og:site_name\" content=\"Agribio\" \/>\n<meta property=\"article:modified_time\" content=\"2019-10-07T15:41:27+00:00\" \/>\n<meta name=\"twitter:card\" content=\"summary_large_image\" \/>\n<meta name=\"twitter:label1\" content=\"Dur\u00e9e de lecture estim\u00e9e\" \/>\n\t<meta name=\"twitter:data1\" content=\"8 minutes\" \/>\n<script type=\"application\/ld+json\" class=\"yoast-schema-graph\">{\"@context\":\"https:\/\/schema.org\",\"@graph\":[{\"@type\":\"WebPage\",\"@id\":\"https:\/\/www.agribioterraorganic.com\/fr\/politica-de-cookies\/\",\"url\":\"https:\/\/www.agribioterraorganic.com\/fr\/politica-de-cookies\/\",\"name\":\"Pol\u00edtica de Cookies - Agribio\",\"isPartOf\":{\"@id\":\"https:\/\/www.agribioterraorganic.com\/#website\"},\"datePublished\":\"2019-07-31T10:00:10+00:00\",\"dateModified\":\"2019-10-07T15:41:27+00:00\",\"breadcrumb\":{\"@id\":\"https:\/\/www.agribioterraorganic.com\/fr\/politica-de-cookies\/#breadcrumb\"},\"inLanguage\":\"fr-FR\",\"potentialAction\":[{\"@type\":\"ReadAction\",\"target\":[\"https:\/\/www.agribioterraorganic.com\/fr\/politica-de-cookies\/\"]}]},{\"@type\":\"BreadcrumbList\",\"@id\":\"https:\/\/www.agribioterraorganic.com\/fr\/politica-de-cookies\/#breadcrumb\",\"itemListElement\":[{\"@type\":\"ListItem\",\"position\":1,\"name\":\"Home\",\"item\":\"https:\/\/www.agribioterraorganic.com\/fr\/\"},{\"@type\":\"ListItem\",\"position\":2,\"name\":\"Pol\u00edtica de Cookies\"}]},{\"@type\":\"WebSite\",\"@id\":\"https:\/\/www.agribioterraorganic.com\/#website\",\"url\":\"https:\/\/www.agribioterraorganic.com\/\",\"name\":\"Agribio\",\"description\":\"\",\"potentialAction\":[{\"@type\":\"SearchAction\",\"target\":{\"@type\":\"EntryPoint\",\"urlTemplate\":\"https:\/\/www.agribioterraorganic.com\/?s={search_term_string}\"},\"query-input\":{\"@type\":\"PropertyValueSpecification\",\"valueRequired\":true,\"valueName\":\"search_term_string\"}}],\"inLanguage\":\"fr-FR\"}]}<\/script>\n<!-- \/ Yoast SEO plugin. -->","yoast_head_json":{"title":"Pol\u00edtica de Cookies - Agribio","robots":{"index":"index","follow":"follow","max-snippet":"max-snippet:-1","max-image-preview":"max-image-preview:large","max-video-preview":"max-video-preview:-1"},"canonical":"https:\/\/www.agribioterraorganic.com\/fr\/politica-de-cookies\/","og_locale":"fr_FR","og_type":"article","og_title":"Pol\u00edtica de Cookies - Agribio","og_description":"[vc_row type=\u00a0\u00bbfull_width_background\u00a0\u00bb full_screen_row_position=\u00a0\u00bbmiddle\u00a0\u00bb bg_color=\u00a0\u00bb#fffbe8&Prime; scene_position=\u00a0\u00bbcenter\u00a0\u00bb text_color=\u00a0\u00bbdark\u00a0\u00bb text_align=\u00a0\u00bbleft\u00a0\u00bb top_padding=\u00a0\u00bb10%\u00a0\u00bb bottom_padding=\u00a0\u00bb5%\u00a0\u00bb overlay_strength=\u00a0\u00bb0.3&Prime; shape_divider_position=\u00a0\u00bbbottom\u00a0\u00bb bg_image_animation=\u00a0\u00bbnone\u00a0\u00bb shape_type=\u00a0\u00bb\u00a0\u00bb][vc_column column_padding=\u00a0\u00bbno-extra-padding\u00a0\u00bb column_padding_position=\u00a0\u00bball\u00a0\u00bb background_color_opacity=\u00a0\u00bb1&Prime; background_hover_color_opacity=\u00a0\u00bb1&Prime; column_link_target=\u00a0\u00bb_self\u00a0\u00bb column_shadow=\u00a0\u00bbnone\u00a0\u00bb column_border_radius=\u00a0\u00bbnone\u00a0\u00bb width=\u00a0\u00bb1\/6&Prime; tablet_width_inherit=\u00a0\u00bbdefault\u00a0\u00bb tablet_text_alignment=\u00a0\u00bbdefault\u00a0\u00bb phone_text_alignment=\u00a0\u00bbdefault\u00a0\u00bb column_border_width=\u00a0\u00bbnone\u00a0\u00bb column_border_style=\u00a0\u00bbsolid\u00a0\u00bb...","og_url":"https:\/\/www.agribioterraorganic.com\/fr\/politica-de-cookies\/","og_site_name":"Agribio","article_modified_time":"2019-10-07T15:41:27+00:00","twitter_card":"summary_large_image","twitter_misc":{"Dur\u00e9e de lecture estim\u00e9e":"8 minutes"},"schema":{"@context":"https:\/\/schema.org","@graph":[{"@type":"WebPage","@id":"https:\/\/www.agribioterraorganic.com\/fr\/politica-de-cookies\/","url":"https:\/\/www.agribioterraorganic.com\/fr\/politica-de-cookies\/","name":"Pol\u00edtica de Cookies - Agribio","isPartOf":{"@id":"https:\/\/www.agribioterraorganic.com\/#website"},"datePublished":"2019-07-31T10:00:10+00:00","dateModified":"2019-10-07T15:41:27+00:00","breadcrumb":{"@id":"https:\/\/www.agribioterraorganic.com\/fr\/politica-de-cookies\/#breadcrumb"},"inLanguage":"fr-FR","potentialAction":[{"@type":"ReadAction","target":["https:\/\/www.agribioterraorganic.com\/fr\/politica-de-cookies\/"]}]},{"@type":"BreadcrumbList","@id":"https:\/\/www.agribioterraorganic.com\/fr\/politica-de-cookies\/#breadcrumb","itemListElement":[{"@type":"ListItem","position":1,"name":"Home","item":"https:\/\/www.agribioterraorganic.com\/fr\/"},{"@type":"ListItem","position":2,"name":"Pol\u00edtica de Cookies"}]},{"@type":"WebSite","@id":"https:\/\/www.agribioterraorganic.com\/#website","url":"https:\/\/www.agribioterraorganic.com\/","name":"Agribio","description":"","potentialAction":[{"@type":"SearchAction","target":{"@type":"EntryPoint","urlTemplate":"https:\/\/www.agribioterraorganic.com\/?s={search_term_string}"},"query-input":{"@type":"PropertyValueSpecification","valueRequired":true,"valueName":"search_term_string"}}],"inLanguage":"fr-FR"}]}},"_links":{"self":[{"href":"https:\/\/www.agribioterraorganic.com\/fr\/wp-json\/wp\/v2\/pages\/1593","targetHints":{"allow":["GET"]}}],"collection":[{"href":"https:\/\/www.agribioterraorganic.com\/fr\/wp-json\/wp\/v2\/pages"}],"about":[{"href":"https:\/\/www.agribioterraorganic.com\/fr\/wp-json\/wp\/v2\/types\/page"}],"author":[{"embeddable":true,"href":"https:\/\/www.agribioterraorganic.com\/fr\/wp-json\/wp\/v2\/users\/1"}],"replies":[{"embeddable":true,"href":"https:\/\/www.agribioterraorganic.com\/fr\/wp-json\/wp\/v2\/comments?post=1593"}],"version-history":[{"count":2,"href":"https:\/\/www.agribioterraorganic.com\/fr\/wp-json\/wp\/v2\/pages\/1593\/revisions"}],"predecessor-version":[{"id":2623,"href":"https:\/\/www.agribioterraorganic.com\/fr\/wp-json\/wp\/v2\/pages\/1593\/revisions\/2623"}],"wp:attachment":[{"href":"https:\/\/www.agribioterraorganic.com\/fr\/wp-json\/wp\/v2\/media?parent=1593"}],"curies":[{"name":"wp","href":"https:\/\/api.w.org\/{rel}","templated":true}]}}